{"id":50,"date":"2019-04-15T12:41:48","date_gmt":"2019-04-15T12:41:48","guid":{"rendered":"http:\/\/logos.bilkent.edu.tr\/?page_id=50"},"modified":"2022-11-12T08:10:18","modified_gmt":"2022-11-12T08:10:18","slug":"iletisim","status":"publish","type":"page","link":"https:\/\/logos.bilkent.edu.tr\/index.php\/iletisim\/","title":{"rendered":"\u0130leti\u015fim"},"content":{"rendered":"\t\t<div data-elementor-type=\"wp-page\" data-elementor-id=\"50\" class=\"elementor elementor-50\">\n\t\t\t\t\t\t\t\t\t<section class=\"elementor-section elementor-top-section elementor-element elementor-element-d595b97 elementor-section-boxed elementor-section-height-default elementor-section-height-default\" data-id=\"d595b97\" data-element_type=\"section\">\n\t\t\t\t\t\t<div class=\"elementor-container elementor-column-gap-default\">\n\t\t\t\t\t<div class=\"elementor-column elementor-col-100 elementor-top-column elementor-element elementor-element-71150ba\" data-id=\"71150ba\" data-element_type=\"column\">\n\t\t\t<div class=\"elementor-widget-wrap\">\n\t\t\t\t\t\t\t\t\t<\/div>\n\t\t<\/div>\n\t\t\t\t\t\t\t<\/div>\n\t\t<\/section>\n\t\t\t\t<section class=\"elementor-section elementor-top-section elementor-element elementor-element-48b7986 elementor-section-boxed elementor-section-height-default elementor-section-height-default\" data-id=\"48b7986\" data-element_type=\"section\">\n\t\t\t\t\t\t<div class=\"elementor-container elementor-column-gap-default\">\n\t\t\t\t\t<div class=\"elementor-column elementor-col-100 elementor-top-column elementor-element elementor-element-53874d8\" data-id=\"53874d8\" data-element_type=\"column\">\n\t\t\t<div class=\"elementor-widget-wrap elementor-element-populated\">\n\t\t\t\t\t\t\t\t<div class=\"elementor-element elementor-element-b0cf7b8 elementor-widget elementor-widget-wpforms\" data-id=\"b0cf7b8\" data-element_type=\"widget\" data-widget_type=\"wpforms.default\">\n\t\t\t\t<div class=\"elementor-widget-container\">\n\t\t\t<div class=\"wpforms-container wpforms-container-full\" id=\"wpforms-603\"><form id=\"wpforms-form-603\" class=\"wpforms-validate wpforms-form wpforms-ajax-form\" data-formid=\"603\" method=\"post\" enctype=\"multipart\/form-data\" action=\"\/index.php\/wp-json\/wp\/v2\/pages\/50\" data-token=\"346d9489d190f43dfa446a5253ba7f6d\" data-token-time=\"1776206258\"><noscript class=\"wpforms-error-noscript\">Please enable JavaScript in your browser to complete this form.<\/noscript><div class=\"wpforms-field-container\"><div id=\"wpforms-603-field_4-container\" class=\"wpforms-field wpforms-field-text\" data-field-id=\"4\"><label class=\"wpforms-field-label\" for=\"wpforms-603-field_4\">\u0130sim <span class=\"wpforms-required-label\">*<\/span><\/label><input type=\"text\" id=\"wpforms-603-field_4\" class=\"wpforms-field-medium wpforms-field-required\" name=\"wpforms[fields][4]\" required><\/div><div id=\"wpforms-603-field_1-container\" class=\"wpforms-field wpforms-field-email\" data-field-id=\"1\"><label class=\"wpforms-field-label\" for=\"wpforms-603-field_1\">Email <span class=\"wpforms-required-label\">*<\/span><\/label><input type=\"email\" id=\"wpforms-603-field_1\" class=\"wpforms-field-medium wpforms-field-required\" name=\"wpforms[fields][1]\" spellcheck=\"false\" required><\/div><div id=\"wpforms-603-field_2-container\" class=\"wpforms-field wpforms-field-textarea\" data-field-id=\"2\"><label class=\"wpforms-field-label\" for=\"wpforms-603-field_2\">Mesaj <span class=\"wpforms-required-label\">*<\/span><\/label><textarea id=\"wpforms-603-field_2\" class=\"wpforms-field-medium wpforms-field-required\" name=\"wpforms[fields][2]\" required><\/textarea><\/div><\/div><!-- .wpforms-field-container --><div class=\"wpforms-recaptcha-container wpforms-is-recaptcha wpforms-is-recaptcha-type-v3\" ><input type=\"hidden\" name=\"wpforms[recaptcha]\" value=\"\"><\/div><div class=\"wpforms-submit-container\" ><input type=\"hidden\" name=\"wpforms[id]\" value=\"603\"><input type=\"hidden\" name=\"page_title\" value=\"\"><input type=\"hidden\" name=\"page_url\" value=\"https:\/\/logos.bilkent.edu.tr\/index.php\/wp-json\/wp\/v2\/pages\/50\"><input type=\"hidden\" name=\"url_referer\" value=\"\"><button type=\"submit\" name=\"wpforms[submit]\" id=\"wpforms-submit-603\" class=\"wpforms-submit\" data-alt-text=\"G\u00f6nderiyor...\" data-submit-text=\"G\u00f6nder\" aria-live=\"assertive\" value=\"wpforms-submit\">G\u00f6nder<\/button><img loading=\"lazy\" decoding=\"async\" src=\"https:\/\/logos.bilkent.edu.tr\/wp-content\/plugins\/wpforms-lite\/assets\/images\/submit-spin.svg\" class=\"wpforms-submit-spinner\" style=\"display: none;\" width=\"26\" height=\"26\" alt=\"Loading\"><\/div><\/form><\/div>  <!-- .wpforms-container -->\t\t<\/div>\n\t\t\t\t<\/div>\n\t\t\t\t\t<\/div>\n\t\t<\/div>\n\t\t\t\t\t\t\t<\/div>\n\t\t<\/section>\n\t\t\t\t\t\t\t<\/div>\n\t\t","protected":false},"excerpt":{"rendered":"","protected":false},"author":1,"featured_media":0,"parent":0,"menu_order":0,"comment_status":"closed","ping_status":"closed","template":"","meta":{"_monsterinsights_skip_tracking":false,"_monsterinsights_sitenote_active":false,"_monsterinsights_sitenote_note":"","_monsterinsights_sitenote_category":0,"footnotes":""},"class_list":["post-50","page","type-page","status-publish","hentry"],"yoast_head":"<!-- This site is optimized with the Yoast SEO plugin v26.3 - https:\/\/yoast.com\/wordpress\/plugins\/seo\/ -->\n<title>\u0130leti\u015fim - Bilkent Felsefe S\u00f6zl\u00fc\u011f\u00fc<\/title>\n<meta name=\"robots\" content=\"index, follow, max-snippet:-1, max-image-preview:large, max-video-preview:-1\" \/>\n<link rel=\"canonical\" href=\"https:\/\/logos.bilkent.edu.tr\/index.php\/iletisim\/\" \/>\n<meta property=\"og:locale\" content=\"en_US\" \/>\n<meta property=\"og:type\" content=\"article\" \/>\n<meta property=\"og:title\" content=\"\u0130leti\u015fim - Bilkent Felsefe S\u00f6zl\u00fc\u011f\u00fc\" \/>\n<meta property=\"og:url\" content=\"https:\/\/logos.bilkent.edu.tr\/index.php\/iletisim\/\" \/>\n<meta property=\"og:site_name\" content=\"Bilkent Felsefe S\u00f6zl\u00fc\u011f\u00fc\" \/>\n<meta property=\"article:modified_time\" content=\"2022-11-12T08:10:18+00:00\" \/>\n<meta name=\"twitter:card\" content=\"summary_large_image\" \/>\n<meta name=\"twitter:site\" content=\"@BilFelSozluk\" \/>\n<script type=\"application\/ld+json\" class=\"yoast-schema-graph\">{\"@context\":\"https:\/\/schema.org\",\"@graph\":[{\"@type\":\"WebPage\",\"@id\":\"https:\/\/logos.bilkent.edu.tr\/index.php\/iletisim\/\",\"url\":\"https:\/\/logos.bilkent.edu.tr\/index.php\/iletisim\/\",\"name\":\"\u0130leti\u015fim - Bilkent Felsefe S\u00f6zl\u00fc\u011f\u00fc\",\"isPartOf\":{\"@id\":\"https:\/\/logos.bilkent.edu.tr\/#website\"},\"datePublished\":\"2019-04-15T12:41:48+00:00\",\"dateModified\":\"2022-11-12T08:10:18+00:00\",\"breadcrumb\":{\"@id\":\"https:\/\/logos.bilkent.edu.tr\/index.php\/iletisim\/#breadcrumb\"},\"inLanguage\":\"en-US\",\"potentialAction\":[{\"@type\":\"ReadAction\",\"target\":[\"https:\/\/logos.bilkent.edu.tr\/index.php\/iletisim\/\"]}]},{\"@type\":\"BreadcrumbList\",\"@id\":\"https:\/\/logos.bilkent.edu.tr\/index.php\/iletisim\/#breadcrumb\",\"itemListElement\":[{\"@type\":\"ListItem\",\"position\":1,\"name\":\"Home\",\"item\":\"https:\/\/logos.bilkent.edu.tr\/\"},{\"@type\":\"ListItem\",\"position\":2,\"name\":\"\u0130leti\u015fim\"}]},{\"@type\":\"WebSite\",\"@id\":\"https:\/\/logos.bilkent.edu.tr\/#website\",\"url\":\"https:\/\/logos.bilkent.edu.tr\/\",\"name\":\"Bilkent Felsefe S\u00f6zl\u00fc\u011f\u00fc\",\"description\":\"\u0130ngilizce T\u00fcrk\u00e7e Felsefe Terimleri S\u00f6zl\u00fc\u011f\u00fc\",\"publisher\":{\"@id\":\"https:\/\/logos.bilkent.edu.tr\/#organization\"},\"potentialAction\":[{\"@type\":\"SearchAction\",\"target\":{\"@type\":\"EntryPoint\",\"urlTemplate\":\"https:\/\/logos.bilkent.edu.tr\/?s={search_term_string}\"},\"query-input\":{\"@type\":\"PropertyValueSpecification\",\"valueRequired\":true,\"valueName\":\"search_term_string\"}}],\"inLanguage\":\"en-US\"},{\"@type\":\"Organization\",\"@id\":\"https:\/\/logos.bilkent.edu.tr\/#organization\",\"name\":\"Bilkent Felsefe S\u00f6zl\u00fc\u011f\u00fc\",\"url\":\"https:\/\/logos.bilkent.edu.tr\/\",\"logo\":{\"@type\":\"ImageObject\",\"inLanguage\":\"en-US\",\"@id\":\"https:\/\/logos.bilkent.edu.tr\/#\/schema\/logo\/image\/\",\"url\":\"https:\/\/logos.bilkent.edu.tr\/wp-content\/uploads\/2022\/11\/sozluk-logo-6.png\",\"contentUrl\":\"https:\/\/logos.bilkent.edu.tr\/wp-content\/uploads\/2022\/11\/sozluk-logo-6.png\",\"width\":300,\"height\":41,\"caption\":\"Bilkent Felsefe S\u00f6zl\u00fc\u011f\u00fc\"},\"image\":{\"@id\":\"https:\/\/logos.bilkent.edu.tr\/#\/schema\/logo\/image\/\"},\"sameAs\":[\"https:\/\/x.com\/BilFelSozluk\"]}]}<\/script>\n<!-- \/ Yoast SEO plugin. -->","yoast_head_json":{"title":"\u0130leti\u015fim - Bilkent Felsefe S\u00f6zl\u00fc\u011f\u00fc","robots":{"index":"index","follow":"follow","max-snippet":"max-snippet:-1","max-image-preview":"max-image-preview:large","max-video-preview":"max-video-preview:-1"},"canonical":"https:\/\/logos.bilkent.edu.tr\/index.php\/iletisim\/","og_locale":"en_US","og_type":"article","og_title":"\u0130leti\u015fim - Bilkent Felsefe S\u00f6zl\u00fc\u011f\u00fc","og_url":"https:\/\/logos.bilkent.edu.tr\/index.php\/iletisim\/","og_site_name":"Bilkent Felsefe S\u00f6zl\u00fc\u011f\u00fc","article_modified_time":"2022-11-12T08:10:18+00:00","twitter_card":"summary_large_image","twitter_site":"@BilFelSozluk","schema":{"@context":"https:\/\/schema.org","@graph":[{"@type":"WebPage","@id":"https:\/\/logos.bilkent.edu.tr\/index.php\/iletisim\/","url":"https:\/\/logos.bilkent.edu.tr\/index.php\/iletisim\/","name":"\u0130leti\u015fim - Bilkent Felsefe S\u00f6zl\u00fc\u011f\u00fc","isPartOf":{"@id":"https:\/\/logos.bilkent.edu.tr\/#website"},"datePublished":"2019-04-15T12:41:48+00:00","dateModified":"2022-11-12T08:10:18+00:00","breadcrumb":{"@id":"https:\/\/logos.bilkent.edu.tr\/index.php\/iletisim\/#breadcrumb"},"inLanguage":"en-US","potentialAction":[{"@type":"ReadAction","target":["https:\/\/logos.bilkent.edu.tr\/index.php\/iletisim\/"]}]},{"@type":"BreadcrumbList","@id":"https:\/\/logos.bilkent.edu.tr\/index.php\/iletisim\/#breadcrumb","itemListElement":[{"@type":"ListItem","position":1,"name":"Home","item":"https:\/\/logos.bilkent.edu.tr\/"},{"@type":"ListItem","position":2,"name":"\u0130leti\u015fim"}]},{"@type":"WebSite","@id":"https:\/\/logos.bilkent.edu.tr\/#website","url":"https:\/\/logos.bilkent.edu.tr\/","name":"Bilkent Felsefe S\u00f6zl\u00fc\u011f\u00fc","description":"\u0130ngilizce T\u00fcrk\u00e7e Felsefe Terimleri S\u00f6zl\u00fc\u011f\u00fc","publisher":{"@id":"https:\/\/logos.bilkent.edu.tr\/#organization"},"potentialAction":[{"@type":"SearchAction","target":{"@type":"EntryPoint","urlTemplate":"https:\/\/logos.bilkent.edu.tr\/?s={search_term_string}"},"query-input":{"@type":"PropertyValueSpecification","valueRequired":true,"valueName":"search_term_string"}}],"inLanguage":"en-US"},{"@type":"Organization","@id":"https:\/\/logos.bilkent.edu.tr\/#organization","name":"Bilkent Felsefe S\u00f6zl\u00fc\u011f\u00fc","url":"https:\/\/logos.bilkent.edu.tr\/","logo":{"@type":"ImageObject","inLanguage":"en-US","@id":"https:\/\/logos.bilkent.edu.tr\/#\/schema\/logo\/image\/","url":"https:\/\/logos.bilkent.edu.tr\/wp-content\/uploads\/2022\/11\/sozluk-logo-6.png","contentUrl":"https:\/\/logos.bilkent.edu.tr\/wp-content\/uploads\/2022\/11\/sozluk-logo-6.png","width":300,"height":41,"caption":"Bilkent Felsefe S\u00f6zl\u00fc\u011f\u00fc"},"image":{"@id":"https:\/\/logos.bilkent.edu.tr\/#\/schema\/logo\/image\/"},"sameAs":["https:\/\/x.com\/BilFelSozluk"]}]}},"_links":{"self":[{"href":"https:\/\/logos.bilkent.edu.tr\/index.php\/wp-json\/wp\/v2\/pages\/50","targetHints":{"allow":["GET"]}}],"collection":[{"href":"https:\/\/logos.bilkent.edu.tr\/index.php\/wp-json\/wp\/v2\/pages"}],"about":[{"href":"https:\/\/logos.bilkent.edu.tr\/index.php\/wp-json\/wp\/v2\/types\/page"}],"author":[{"embeddable":true,"href":"https:\/\/logos.bilkent.edu.tr\/index.php\/wp-json\/wp\/v2\/users\/1"}],"replies":[{"embeddable":true,"href":"https:\/\/logos.bilkent.edu.tr\/index.php\/wp-json\/wp\/v2\/comments?post=50"}],"version-history":[{"count":47,"href":"https:\/\/logos.bilkent.edu.tr\/index.php\/wp-json\/wp\/v2\/pages\/50\/revisions"}],"predecessor-version":[{"id":14959,"href":"https:\/\/logos.bilkent.edu.tr\/index.php\/wp-json\/wp\/v2\/pages\/50\/revisions\/14959"}],"wp:attachment":[{"href":"https:\/\/logos.bilkent.edu.tr\/index.php\/wp-json\/wp\/v2\/media?parent=50"}],"curies":[{"name":"wp","href":"https:\/\/api.w.org\/{rel}","templated":true}]}}