{"id":143,"date":"2021-11-10T06:16:39","date_gmt":"2021-11-10T06:16:39","guid":{"rendered":"http:\/\/logos.bilkent.edu.tr\/?page_id=143"},"modified":"2025-03-01T05:48:04","modified_gmt":"2025-03-01T05:48:04","slug":"elementor-143","status":"publish","type":"page","link":"https:\/\/logos.bilkent.edu.tr\/","title":{"rendered":""},"content":{"rendered":"\t\t<div data-elementor-type=\"wp-page\" data-elementor-id=\"143\" class=\"elementor elementor-143\">\n\t\t\t\t\t\t\t\t\t<section class=\"elementor-section elementor-top-section elementor-element elementor-element-d6ca367 elementor-section-boxed elementor-section-height-default elementor-section-height-default\" data-id=\"d6ca367\" data-element_type=\"section\">\n\t\t\t\t\t\t<div class=\"elementor-container elementor-column-gap-default\">\n\t\t\t\t\t<div class=\"elementor-column elementor-col-33 elementor-top-column elementor-element elementor-element-29c51b8\" data-id=\"29c51b8\" data-element_type=\"column\">\n\t\t\t<div class=\"elementor-widget-wrap elementor-element-populated\">\n\t\t\t\t\t\t\t\t<div class=\"elementor-element elementor-element-785c442 eael-flipbox-content-align-right elementor-widget elementor-widget-eael-flip-box\" data-id=\"785c442\" data-element_type=\"widget\" data-widget_type=\"eael-flip-box.default\">\n\t\t\t\t<div class=\"elementor-widget-container\">\n\t\t\t\n        <div class=\"eael-elements-flip-box-container eael-animate-flip eael-animate-fade-in eael-content eael-flip-box-hover\">\n\n            <a class=\"eael-elements-flip-box-flip-card\" href=\"https:\/\/logos.bilkent.edu.tr\/index.php\/rastgele\/\">\n                <div class=\"eael-elements-flip-box-front-container\">\n\n                    \n                        <div class=\"eael-elements-slider-display-table\">\n                            <div class=\"eael-elements-flip-box-vertical-align\">\n                                <div class=\"eael-elements-flip-box-padding\">\n                                    <div class=\"eael-elements-flip-box-icon-image\">\n                                                                                    <i aria-hidden=\"true\" class=\"ea-flipbox-icon fas fa-random\"><\/i>                                                                                    <\/div>\n                                                                        <div class=\"eael-elements-flip-box-content\">\n\t                                    S\u00f6zl\u00fc\u011f\u00fcn da\u011farc\u0131\u011f\u0131ndaki <span class=\"sbs-count-posts\">4,056<\/span> terimi rastgele ke\u015ffetmek isteyenler bu sayfaya bakabilirsiniz.                                    <\/div>\n                                <\/div>\n                            <\/div>\n                        <\/div>\n                                    <\/div>\n\n                <div class=\"eael-elements-flip-box-rear-container\">\n\n                                            <div class=\"eael-elements-slider-display-table\">\n                            <div class=\"eael-elements-flip-box-vertical-align\">\n                                <div class=\"eael-elements-flip-box-padding\">\n                                                                            <div class=\"eael-elements-flip-box-icon-image\">\n                                            <i aria-hidden=\"true\" class=\"ea-flipbox-icon fas fa-random\"><\/i>                                                <\/div>\n                                                                                                            <h4 class=\"eael-elements-flip-box-heading\">Rastgele<\/h4>\n                                                                        <div class=\"eael-elements-flip-box-content\">\n                                                                            <\/div>\n\n                                                                    <\/div>\n                            <\/div>\n                        <\/div>\n                                    <\/div>\n            <\/a>\n        <\/div>\n\n        <script>\n            jQuery(document).ready(function( $ ) {\n                $(\".eael-flip-box-click\").off('click').on( 'click', function( event ) {\n                    $(this).toggleClass( '--active' );\n                });\n            });\n        <\/script>\n\n\t\t<\/div>\n\t\t\t\t<\/div>\n\t\t\t\t\t<\/div>\n\t\t<\/div>\n\t\t\t\t<div class=\"elementor-column elementor-col-33 elementor-top-column elementor-element elementor-element-39c1cbe\" data-id=\"39c1cbe\" data-element_type=\"column\">\n\t\t\t<div class=\"elementor-widget-wrap elementor-element-populated\">\n\t\t\t\t\t\t\t\t<div class=\"elementor-element elementor-element-193d17c eael-flipbox-content-align-center elementor-widget elementor-widget-eael-flip-box\" data-id=\"193d17c\" data-element_type=\"widget\" data-widget_type=\"eael-flip-box.default\">\n\t\t\t\t<div class=\"elementor-widget-container\">\n\t\t\t\n        <div class=\"eael-elements-flip-box-container eael-animate-flip eael-animate-fade-in eael-content eael-flip-box-hover\">\n\n            <a class=\"eael-elements-flip-box-flip-card\" href=\"https:\/\/logos.bilkent.edu.tr\/index.php\/hakkinda\/\">\n                <div class=\"eael-elements-flip-box-front-container\">\n\n                    \n                        <div class=\"eael-elements-slider-display-table\">\n                            <div class=\"eael-elements-flip-box-vertical-align\">\n                                <div class=\"eael-elements-flip-box-padding\">\n                                    <div class=\"eael-elements-flip-box-icon-image\">\n                                                                                    <i aria-hidden=\"true\" class=\"ea-flipbox-icon far fa-keyboard\"><\/i>                                                                                    <\/div>\n                                                                        <div class=\"eael-elements-flip-box-content\">\n\t                                    <p>S\u00f6zl\u00fckle ilgili daha fazla bilgiyi buradan edinebilirsiniz.<\/p>                                    <\/div>\n                                <\/div>\n                            <\/div>\n                        <\/div>\n                                    <\/div>\n\n                <div class=\"eael-elements-flip-box-rear-container\">\n\n                                            <div class=\"eael-elements-slider-display-table\">\n                            <div class=\"eael-elements-flip-box-vertical-align\">\n                                <div class=\"eael-elements-flip-box-padding\">\n                                                                            <div class=\"eael-elements-flip-box-icon-image\">\n                                            <i aria-hidden=\"true\" class=\"ea-flipbox-icon far fa-keyboard\"><\/i>                                                <\/div>\n                                                                                                            <h4 class=\"eael-elements-flip-box-heading\">Hakk\u0131nda<\/h4>\n                                                                        <div class=\"eael-elements-flip-box-content\">\n                                                                            <\/div>\n\n                                                                    <\/div>\n                            <\/div>\n                        <\/div>\n                                    <\/div>\n            <\/a>\n        <\/div>\n\n        <script>\n            jQuery(document).ready(function( $ ) {\n                $(\".eael-flip-box-click\").off('click').on( 'click', function( event ) {\n                    $(this).toggleClass( '--active' );\n                });\n            });\n        <\/script>\n\n\t\t<\/div>\n\t\t\t\t<\/div>\n\t\t\t\t\t<\/div>\n\t\t<\/div>\n\t\t\t\t<div class=\"elementor-column elementor-col-33 elementor-top-column elementor-element elementor-element-29fe367\" data-id=\"29fe367\" data-element_type=\"column\">\n\t\t\t<div class=\"elementor-widget-wrap elementor-element-populated\">\n\t\t\t\t\t\t\t\t<div class=\"elementor-element elementor-element-f0acac4 eael-flipbox-content-align-left e-transform elementor-widget elementor-widget-eael-flip-box\" data-id=\"f0acac4\" data-element_type=\"widget\" data-settings=\"{&quot;_transform_scale_effect&quot;:{&quot;unit&quot;:&quot;px&quot;,&quot;size&quot;:&quot;&quot;,&quot;sizes&quot;:[]},&quot;_transform_scale_effect_tablet&quot;:{&quot;unit&quot;:&quot;px&quot;,&quot;size&quot;:&quot;&quot;,&quot;sizes&quot;:[]},&quot;_transform_scale_effect_mobile&quot;:{&quot;unit&quot;:&quot;px&quot;,&quot;size&quot;:&quot;&quot;,&quot;sizes&quot;:[]}}\" data-widget_type=\"eael-flip-box.default\">\n\t\t\t\t<div class=\"elementor-widget-container\">\n\t\t\t\n        <div class=\"eael-elements-flip-box-container eael-animate-flip eael-animate-fade-in eael-content eael-flip-box-hover\">\n\n            <a class=\"eael-elements-flip-box-flip-card\" href=\"https:\/\/x.com\/BilFelSozluk\" target=\"_blank\">\n                <div class=\"eael-elements-flip-box-front-container\">\n\n                    \n                        <div class=\"eael-elements-slider-display-table\">\n                            <div class=\"eael-elements-flip-box-vertical-align\">\n                                <div class=\"eael-elements-flip-box-padding\">\n                                    <div class=\"eael-elements-flip-box-icon-image\">\n                                                                                    <i aria-hidden=\"true\" class=\"ea-flipbox-icon fab fa-twitter-square\"><\/i>                                                                                    <\/div>\n                                                                        <div class=\"eael-elements-flip-box-content\">\n\t                                    <p>S\u00f6zl\u00fc\u011fe dair haberleri ve eklenen yeni terimleri twitter hesab\u0131m\u0131zdan takip edebilirsiniz.<\/p>                                    <\/div>\n                                <\/div>\n                            <\/div>\n                        <\/div>\n                                    <\/div>\n\n                <div class=\"eael-elements-flip-box-rear-container\">\n\n                                            <div class=\"eael-elements-slider-display-table\">\n                            <div class=\"eael-elements-flip-box-vertical-align\">\n                                <div class=\"eael-elements-flip-box-padding\">\n                                                                            <div class=\"eael-elements-flip-box-icon-image\">\n                                            <i aria-hidden=\"true\" class=\"ea-flipbox-icon fab fa-twitter-square\"><\/i>                                                <\/div>\n                                                                                                            <h4 class=\"eael-elements-flip-box-heading\">Twitter<\/h4>\n                                                                        <div class=\"eael-elements-flip-box-content\">\n                                                                            <\/div>\n\n                                                                    <\/div>\n                            <\/div>\n                        <\/div>\n                                    <\/div>\n            <\/a>\n        <\/div>\n\n        <script>\n            jQuery(document).ready(function( $ ) {\n                $(\".eael-flip-box-click\").off('click').on( 'click', function( event ) {\n                    $(this).toggleClass( '--active' );\n                });\n            });\n        <\/script>\n\n\t\t<\/div>\n\t\t\t\t<\/div>\n\t\t\t\t\t<\/div>\n\t\t<\/div>\n\t\t\t\t\t\t\t<\/div>\n\t\t<\/section>\n\t\t\t\t\t\t\t<\/div>\n\t\t","protected":false},"excerpt":{"rendered":"<p>S\u00f6zl\u00fc\u011f\u00fcn da\u011farc\u0131\u011f\u0131ndaki 4,048 terimi rastgele ke\u015ffetmek isteyenler bu sayfaya bakabilirsiniz. Rastgele S\u00f6zl\u00fckle ilgili daha fazla bilgiyi buradan edinebilirsiniz. Hakk\u0131nda S\u00f6zl\u00fc\u011fe dair haberleri ve eklenen yeni terimleri twitter hesab\u0131m\u0131zdan takip edebilirsiniz. Twitter<\/p>\n","protected":false},"author":1,"featured_media":0,"parent":0,"menu_order":0,"comment_status":"closed","ping_status":"closed","template":"","meta":{"_monsterinsights_skip_tracking":false,"_monsterinsights_sitenote_active":false,"_monsterinsights_sitenote_note":"","_monsterinsights_sitenote_category":0,"footnotes":""},"class_list":["post-143","page","type-page","status-publish","hentry"],"yoast_head":"<!-- This site is optimized with the Yoast SEO plugin v26.3 - https:\/\/yoast.com\/wordpress\/plugins\/seo\/ -->\n<title>- Bilkent Felsefe S\u00f6zl\u00fc\u011f\u00fc<\/title>\n<meta name=\"robots\" content=\"index, follow, max-snippet:-1, max-image-preview:large, max-video-preview:-1\" \/>\n<link rel=\"canonical\" href=\"https:\/\/logos.bilkent.edu.tr\/\" \/>\n<meta property=\"og:locale\" content=\"en_US\" \/>\n<meta property=\"og:type\" content=\"article\" \/>\n<meta property=\"og:title\" content=\"- Bilkent Felsefe S\u00f6zl\u00fc\u011f\u00fc\" \/>\n<meta property=\"og:description\" content=\"S\u00f6zl\u00fc\u011f\u00fcn da\u011farc\u0131\u011f\u0131ndaki 4,048 terimi rastgele ke\u015ffetmek isteyenler bu sayfaya bakabilirsiniz. Rastgele S\u00f6zl\u00fckle ilgili daha fazla bilgiyi buradan edinebilirsiniz. Hakk\u0131nda S\u00f6zl\u00fc\u011fe dair haberleri ve eklenen yeni terimleri twitter hesab\u0131m\u0131zdan takip edebilirsiniz. Twitter\" \/>\n<meta property=\"og:url\" content=\"https:\/\/logos.bilkent.edu.tr\/\" \/>\n<meta property=\"og:site_name\" content=\"Bilkent Felsefe S\u00f6zl\u00fc\u011f\u00fc\" \/>\n<meta property=\"article:modified_time\" content=\"2025-03-01T05:48:04+00:00\" \/>\n<meta name=\"twitter:card\" content=\"summary_large_image\" \/>\n<meta name=\"twitter:site\" content=\"@BilFelSozluk\" \/>\n<meta name=\"twitter:label1\" content=\"Est. reading time\" \/>\n\t<meta name=\"twitter:data1\" content=\"1 minute\" \/>\n<script type=\"application\/ld+json\" class=\"yoast-schema-graph\">{\"@context\":\"https:\/\/schema.org\",\"@graph\":[{\"@type\":\"WebPage\",\"@id\":\"https:\/\/logos.bilkent.edu.tr\/\",\"url\":\"https:\/\/logos.bilkent.edu.tr\/\",\"name\":\"- Bilkent Felsefe S\u00f6zl\u00fc\u011f\u00fc\",\"isPartOf\":{\"@id\":\"https:\/\/logos.bilkent.edu.tr\/#website\"},\"datePublished\":\"2021-11-10T06:16:39+00:00\",\"dateModified\":\"2025-03-01T05:48:04+00:00\",\"inLanguage\":\"en-US\",\"potentialAction\":[{\"@type\":\"ReadAction\",\"target\":[\"https:\/\/logos.bilkent.edu.tr\/\"]}]},{\"@type\":\"WebSite\",\"@id\":\"https:\/\/logos.bilkent.edu.tr\/#website\",\"url\":\"https:\/\/logos.bilkent.edu.tr\/\",\"name\":\"Bilkent Felsefe S\u00f6zl\u00fc\u011f\u00fc\",\"description\":\"\u0130ngilizce T\u00fcrk\u00e7e Felsefe Terimleri S\u00f6zl\u00fc\u011f\u00fc\",\"publisher\":{\"@id\":\"https:\/\/logos.bilkent.edu.tr\/#organization\"},\"potentialAction\":[{\"@type\":\"SearchAction\",\"target\":{\"@type\":\"EntryPoint\",\"urlTemplate\":\"https:\/\/logos.bilkent.edu.tr\/?s={search_term_string}\"},\"query-input\":{\"@type\":\"PropertyValueSpecification\",\"valueRequired\":true,\"valueName\":\"search_term_string\"}}],\"inLanguage\":\"en-US\"},{\"@type\":\"Organization\",\"@id\":\"https:\/\/logos.bilkent.edu.tr\/#organization\",\"name\":\"Bilkent Felsefe S\u00f6zl\u00fc\u011f\u00fc\",\"url\":\"https:\/\/logos.bilkent.edu.tr\/\",\"logo\":{\"@type\":\"ImageObject\",\"inLanguage\":\"en-US\",\"@id\":\"https:\/\/logos.bilkent.edu.tr\/#\/schema\/logo\/image\/\",\"url\":\"https:\/\/logos.bilkent.edu.tr\/wp-content\/uploads\/2022\/11\/sozluk-logo-6.png\",\"contentUrl\":\"https:\/\/logos.bilkent.edu.tr\/wp-content\/uploads\/2022\/11\/sozluk-logo-6.png\",\"width\":300,\"height\":41,\"caption\":\"Bilkent Felsefe S\u00f6zl\u00fc\u011f\u00fc\"},\"image\":{\"@id\":\"https:\/\/logos.bilkent.edu.tr\/#\/schema\/logo\/image\/\"},\"sameAs\":[\"https:\/\/x.com\/BilFelSozluk\"]}]}<\/script>\n<!-- \/ Yoast SEO plugin. -->","yoast_head_json":{"title":"- Bilkent Felsefe S\u00f6zl\u00fc\u011f\u00fc","robots":{"index":"index","follow":"follow","max-snippet":"max-snippet:-1","max-image-preview":"max-image-preview:large","max-video-preview":"max-video-preview:-1"},"canonical":"https:\/\/logos.bilkent.edu.tr\/","og_locale":"en_US","og_type":"article","og_title":"- Bilkent Felsefe S\u00f6zl\u00fc\u011f\u00fc","og_description":"S\u00f6zl\u00fc\u011f\u00fcn da\u011farc\u0131\u011f\u0131ndaki 4,048 terimi rastgele ke\u015ffetmek isteyenler bu sayfaya bakabilirsiniz. Rastgele S\u00f6zl\u00fckle ilgili daha fazla bilgiyi buradan edinebilirsiniz. Hakk\u0131nda S\u00f6zl\u00fc\u011fe dair haberleri ve eklenen yeni terimleri twitter hesab\u0131m\u0131zdan takip edebilirsiniz. Twitter","og_url":"https:\/\/logos.bilkent.edu.tr\/","og_site_name":"Bilkent Felsefe S\u00f6zl\u00fc\u011f\u00fc","article_modified_time":"2025-03-01T05:48:04+00:00","twitter_card":"summary_large_image","twitter_site":"@BilFelSozluk","twitter_misc":{"Est. reading time":"1 minute"},"schema":{"@context":"https:\/\/schema.org","@graph":[{"@type":"WebPage","@id":"https:\/\/logos.bilkent.edu.tr\/","url":"https:\/\/logos.bilkent.edu.tr\/","name":"- Bilkent Felsefe S\u00f6zl\u00fc\u011f\u00fc","isPartOf":{"@id":"https:\/\/logos.bilkent.edu.tr\/#website"},"datePublished":"2021-11-10T06:16:39+00:00","dateModified":"2025-03-01T05:48:04+00:00","inLanguage":"en-US","potentialAction":[{"@type":"ReadAction","target":["https:\/\/logos.bilkent.edu.tr\/"]}]},{"@type":"WebSite","@id":"https:\/\/logos.bilkent.edu.tr\/#website","url":"https:\/\/logos.bilkent.edu.tr\/","name":"Bilkent Felsefe S\u00f6zl\u00fc\u011f\u00fc","description":"\u0130ngilizce T\u00fcrk\u00e7e Felsefe Terimleri S\u00f6zl\u00fc\u011f\u00fc","publisher":{"@id":"https:\/\/logos.bilkent.edu.tr\/#organization"},"potentialAction":[{"@type":"SearchAction","target":{"@type":"EntryPoint","urlTemplate":"https:\/\/logos.bilkent.edu.tr\/?s={search_term_string}"},"query-input":{"@type":"PropertyValueSpecification","valueRequired":true,"valueName":"search_term_string"}}],"inLanguage":"en-US"},{"@type":"Organization","@id":"https:\/\/logos.bilkent.edu.tr\/#organization","name":"Bilkent Felsefe S\u00f6zl\u00fc\u011f\u00fc","url":"https:\/\/logos.bilkent.edu.tr\/","logo":{"@type":"ImageObject","inLanguage":"en-US","@id":"https:\/\/logos.bilkent.edu.tr\/#\/schema\/logo\/image\/","url":"https:\/\/logos.bilkent.edu.tr\/wp-content\/uploads\/2022\/11\/sozluk-logo-6.png","contentUrl":"https:\/\/logos.bilkent.edu.tr\/wp-content\/uploads\/2022\/11\/sozluk-logo-6.png","width":300,"height":41,"caption":"Bilkent Felsefe S\u00f6zl\u00fc\u011f\u00fc"},"image":{"@id":"https:\/\/logos.bilkent.edu.tr\/#\/schema\/logo\/image\/"},"sameAs":["https:\/\/x.com\/BilFelSozluk"]}]}},"_links":{"self":[{"href":"https:\/\/logos.bilkent.edu.tr\/index.php\/wp-json\/wp\/v2\/pages\/143","targetHints":{"allow":["GET"]}}],"collection":[{"href":"https:\/\/logos.bilkent.edu.tr\/index.php\/wp-json\/wp\/v2\/pages"}],"about":[{"href":"https:\/\/logos.bilkent.edu.tr\/index.php\/wp-json\/wp\/v2\/types\/page"}],"author":[{"embeddable":true,"href":"https:\/\/logos.bilkent.edu.tr\/index.php\/wp-json\/wp\/v2\/users\/1"}],"replies":[{"embeddable":true,"href":"https:\/\/logos.bilkent.edu.tr\/index.php\/wp-json\/wp\/v2\/comments?post=143"}],"version-history":[{"count":424,"href":"https:\/\/logos.bilkent.edu.tr\/index.php\/wp-json\/wp\/v2\/pages\/143\/revisions"}],"predecessor-version":[{"id":15358,"href":"https:\/\/logos.bilkent.edu.tr\/index.php\/wp-json\/wp\/v2\/pages\/143\/revisions\/15358"}],"wp:attachment":[{"href":"https:\/\/logos.bilkent.edu.tr\/index.php\/wp-json\/wp\/v2\/media?parent=143"}],"curies":[{"name":"wp","href":"https:\/\/api.w.org\/{rel}","templated":true}]}}