{"id":125,"date":"2019-04-24T12:47:41","date_gmt":"2019-04-24T12:47:41","guid":{"rendered":"http:\/\/logos.bilkent.edu.tr\/?page_id=125"},"modified":"2023-01-30T14:34:52","modified_gmt":"2023-01-30T14:34:52","slug":"ekip","status":"publish","type":"page","link":"https:\/\/logos.bilkent.edu.tr\/index.php\/ekip\/","title":{"rendered":"Ekip"},"content":{"rendered":"<h4 style=\"text-align: center;\"><strong>\u00d6\u011fretim \u00dcyeleri<\/strong><\/h4>\n<p style=\"text-align: center;\"><a href=\"http:\/\/www.phil.bilkent.edu.tr\/index.php\/tufan-kiymaz\/\">Dr. Tufan K\u0131ymaz<\/a><\/p>\n<p style=\"text-align: center;\"><a href=\"http:\/\/www.phil.bilkent.edu.tr\/index.php\/nazim-keven\/\">Dr. Naz\u0131m Keven<\/a><\/p>\n<h4 style=\"text-align: center;\"><strong>\u00a0Lisans\u00fcst\u00fc \u00d6\u011frencileri\u00a0<\/strong><\/h4>\n<p style=\"text-align: center;\">Bar\u0131\u015f Ka\u015fta\u015f,\u00a0G\u00fclden Alaz Meri\u00e7, Evrensel Sebep<\/p>\n<p style=\"text-align: center;\">Erim Bakkal, Ece B\u00fc\u015fra T\u00fcrk\u00f6z\u00fc, Eyl\u00fcl Y\u00fccel<\/p>\n","protected":false},"excerpt":{"rendered":"<p>\u00d6\u011fretim \u00dcyeleri Dr. Tufan K\u0131ymaz Dr. Naz\u0131m Keven \u00a0Lisans\u00fcst\u00fc \u00d6\u011frencileri\u00a0 Bar\u0131\u015f Ka\u015fta\u015f,\u00a0G\u00fclden Alaz Meri\u00e7, Evrensel Sebep Erim Bakkal, Ece B\u00fc\u015fra T\u00fcrk\u00f6z\u00fc, Eyl\u00fcl Y\u00fccel<\/p>\n","protected":false},"author":1,"featured_media":0,"parent":0,"menu_order":0,"comment_status":"closed","ping_status":"closed","template":"","meta":{"_monsterinsights_skip_tracking":false,"_monsterinsights_sitenote_active":false,"_monsterinsights_sitenote_note":"","_monsterinsights_sitenote_category":0,"footnotes":""},"class_list":["post-125","page","type-page","status-publish","hentry"],"yoast_head":"<!-- This site is optimized with the Yoast SEO plugin v26.3 - https:\/\/yoast.com\/wordpress\/plugins\/seo\/ -->\n<title>Ekip - Bilkent Felsefe S\u00f6zl\u00fc\u011f\u00fc<\/title>\n<meta name=\"robots\" content=\"index, follow, max-snippet:-1, max-image-preview:large, max-video-preview:-1\" \/>\n<link rel=\"canonical\" href=\"https:\/\/logos.bilkent.edu.tr\/index.php\/ekip\/\" \/>\n<meta property=\"og:locale\" content=\"en_US\" \/>\n<meta property=\"og:type\" content=\"article\" \/>\n<meta property=\"og:title\" content=\"Ekip - Bilkent Felsefe S\u00f6zl\u00fc\u011f\u00fc\" \/>\n<meta property=\"og:description\" content=\"\u00d6\u011fretim \u00dcyeleri Dr. Tufan K\u0131ymaz Dr. Naz\u0131m Keven \u00a0Lisans\u00fcst\u00fc \u00d6\u011frencileri\u00a0 Bar\u0131\u015f Ka\u015fta\u015f,\u00a0G\u00fclden Alaz Meri\u00e7, Evrensel Sebep Erim Bakkal, Ece B\u00fc\u015fra T\u00fcrk\u00f6z\u00fc, Eyl\u00fcl Y\u00fccel\" \/>\n<meta property=\"og:url\" content=\"https:\/\/logos.bilkent.edu.tr\/index.php\/ekip\/\" \/>\n<meta property=\"og:site_name\" content=\"Bilkent Felsefe S\u00f6zl\u00fc\u011f\u00fc\" \/>\n<meta property=\"article:modified_time\" content=\"2023-01-30T14:34:52+00:00\" \/>\n<meta name=\"twitter:card\" content=\"summary_large_image\" \/>\n<meta name=\"twitter:site\" content=\"@BilFelSozluk\" \/>\n<script type=\"application\/ld+json\" class=\"yoast-schema-graph\">{\"@context\":\"https:\/\/schema.org\",\"@graph\":[{\"@type\":\"WebPage\",\"@id\":\"https:\/\/logos.bilkent.edu.tr\/index.php\/ekip\/\",\"url\":\"https:\/\/logos.bilkent.edu.tr\/index.php\/ekip\/\",\"name\":\"Ekip - Bilkent Felsefe S\u00f6zl\u00fc\u011f\u00fc\",\"isPartOf\":{\"@id\":\"https:\/\/logos.bilkent.edu.tr\/#website\"},\"datePublished\":\"2019-04-24T12:47:41+00:00\",\"dateModified\":\"2023-01-30T14:34:52+00:00\",\"breadcrumb\":{\"@id\":\"https:\/\/logos.bilkent.edu.tr\/index.php\/ekip\/#breadcrumb\"},\"inLanguage\":\"en-US\",\"potentialAction\":[{\"@type\":\"ReadAction\",\"target\":[\"https:\/\/logos.bilkent.edu.tr\/index.php\/ekip\/\"]}]},{\"@type\":\"BreadcrumbList\",\"@id\":\"https:\/\/logos.bilkent.edu.tr\/index.php\/ekip\/#breadcrumb\",\"itemListElement\":[{\"@type\":\"ListItem\",\"position\":1,\"name\":\"Home\",\"item\":\"https:\/\/logos.bilkent.edu.tr\/\"},{\"@type\":\"ListItem\",\"position\":2,\"name\":\"Ekip\"}]},{\"@type\":\"WebSite\",\"@id\":\"https:\/\/logos.bilkent.edu.tr\/#website\",\"url\":\"https:\/\/logos.bilkent.edu.tr\/\",\"name\":\"Bilkent Felsefe S\u00f6zl\u00fc\u011f\u00fc\",\"description\":\"\u0130ngilizce T\u00fcrk\u00e7e Felsefe Terimleri S\u00f6zl\u00fc\u011f\u00fc\",\"publisher\":{\"@id\":\"https:\/\/logos.bilkent.edu.tr\/#organization\"},\"potentialAction\":[{\"@type\":\"SearchAction\",\"target\":{\"@type\":\"EntryPoint\",\"urlTemplate\":\"https:\/\/logos.bilkent.edu.tr\/?s={search_term_string}\"},\"query-input\":{\"@type\":\"PropertyValueSpecification\",\"valueRequired\":true,\"valueName\":\"search_term_string\"}}],\"inLanguage\":\"en-US\"},{\"@type\":\"Organization\",\"@id\":\"https:\/\/logos.bilkent.edu.tr\/#organization\",\"name\":\"Bilkent Felsefe S\u00f6zl\u00fc\u011f\u00fc\",\"url\":\"https:\/\/logos.bilkent.edu.tr\/\",\"logo\":{\"@type\":\"ImageObject\",\"inLanguage\":\"en-US\",\"@id\":\"https:\/\/logos.bilkent.edu.tr\/#\/schema\/logo\/image\/\",\"url\":\"https:\/\/logos.bilkent.edu.tr\/wp-content\/uploads\/2022\/11\/sozluk-logo-6.png\",\"contentUrl\":\"https:\/\/logos.bilkent.edu.tr\/wp-content\/uploads\/2022\/11\/sozluk-logo-6.png\",\"width\":300,\"height\":41,\"caption\":\"Bilkent Felsefe S\u00f6zl\u00fc\u011f\u00fc\"},\"image\":{\"@id\":\"https:\/\/logos.bilkent.edu.tr\/#\/schema\/logo\/image\/\"},\"sameAs\":[\"https:\/\/x.com\/BilFelSozluk\"]}]}<\/script>\n<!-- \/ Yoast SEO plugin. -->","yoast_head_json":{"title":"Ekip - Bilkent Felsefe S\u00f6zl\u00fc\u011f\u00fc","robots":{"index":"index","follow":"follow","max-snippet":"max-snippet:-1","max-image-preview":"max-image-preview:large","max-video-preview":"max-video-preview:-1"},"canonical":"https:\/\/logos.bilkent.edu.tr\/index.php\/ekip\/","og_locale":"en_US","og_type":"article","og_title":"Ekip - Bilkent Felsefe S\u00f6zl\u00fc\u011f\u00fc","og_description":"\u00d6\u011fretim \u00dcyeleri Dr. Tufan K\u0131ymaz Dr. Naz\u0131m Keven \u00a0Lisans\u00fcst\u00fc \u00d6\u011frencileri\u00a0 Bar\u0131\u015f Ka\u015fta\u015f,\u00a0G\u00fclden Alaz Meri\u00e7, Evrensel Sebep Erim Bakkal, Ece B\u00fc\u015fra T\u00fcrk\u00f6z\u00fc, Eyl\u00fcl Y\u00fccel","og_url":"https:\/\/logos.bilkent.edu.tr\/index.php\/ekip\/","og_site_name":"Bilkent Felsefe S\u00f6zl\u00fc\u011f\u00fc","article_modified_time":"2023-01-30T14:34:52+00:00","twitter_card":"summary_large_image","twitter_site":"@BilFelSozluk","schema":{"@context":"https:\/\/schema.org","@graph":[{"@type":"WebPage","@id":"https:\/\/logos.bilkent.edu.tr\/index.php\/ekip\/","url":"https:\/\/logos.bilkent.edu.tr\/index.php\/ekip\/","name":"Ekip - Bilkent Felsefe S\u00f6zl\u00fc\u011f\u00fc","isPartOf":{"@id":"https:\/\/logos.bilkent.edu.tr\/#website"},"datePublished":"2019-04-24T12:47:41+00:00","dateModified":"2023-01-30T14:34:52+00:00","breadcrumb":{"@id":"https:\/\/logos.bilkent.edu.tr\/index.php\/ekip\/#breadcrumb"},"inLanguage":"en-US","potentialAction":[{"@type":"ReadAction","target":["https:\/\/logos.bilkent.edu.tr\/index.php\/ekip\/"]}]},{"@type":"BreadcrumbList","@id":"https:\/\/logos.bilkent.edu.tr\/index.php\/ekip\/#breadcrumb","itemListElement":[{"@type":"ListItem","position":1,"name":"Home","item":"https:\/\/logos.bilkent.edu.tr\/"},{"@type":"ListItem","position":2,"name":"Ekip"}]},{"@type":"WebSite","@id":"https:\/\/logos.bilkent.edu.tr\/#website","url":"https:\/\/logos.bilkent.edu.tr\/","name":"Bilkent Felsefe S\u00f6zl\u00fc\u011f\u00fc","description":"\u0130ngilizce T\u00fcrk\u00e7e Felsefe Terimleri S\u00f6zl\u00fc\u011f\u00fc","publisher":{"@id":"https:\/\/logos.bilkent.edu.tr\/#organization"},"potentialAction":[{"@type":"SearchAction","target":{"@type":"EntryPoint","urlTemplate":"https:\/\/logos.bilkent.edu.tr\/?s={search_term_string}"},"query-input":{"@type":"PropertyValueSpecification","valueRequired":true,"valueName":"search_term_string"}}],"inLanguage":"en-US"},{"@type":"Organization","@id":"https:\/\/logos.bilkent.edu.tr\/#organization","name":"Bilkent Felsefe S\u00f6zl\u00fc\u011f\u00fc","url":"https:\/\/logos.bilkent.edu.tr\/","logo":{"@type":"ImageObject","inLanguage":"en-US","@id":"https:\/\/logos.bilkent.edu.tr\/#\/schema\/logo\/image\/","url":"https:\/\/logos.bilkent.edu.tr\/wp-content\/uploads\/2022\/11\/sozluk-logo-6.png","contentUrl":"https:\/\/logos.bilkent.edu.tr\/wp-content\/uploads\/2022\/11\/sozluk-logo-6.png","width":300,"height":41,"caption":"Bilkent Felsefe S\u00f6zl\u00fc\u011f\u00fc"},"image":{"@id":"https:\/\/logos.bilkent.edu.tr\/#\/schema\/logo\/image\/"},"sameAs":["https:\/\/x.com\/BilFelSozluk"]}]}},"_links":{"self":[{"href":"https:\/\/logos.bilkent.edu.tr\/index.php\/wp-json\/wp\/v2\/pages\/125","targetHints":{"allow":["GET"]}}],"collection":[{"href":"https:\/\/logos.bilkent.edu.tr\/index.php\/wp-json\/wp\/v2\/pages"}],"about":[{"href":"https:\/\/logos.bilkent.edu.tr\/index.php\/wp-json\/wp\/v2\/types\/page"}],"author":[{"embeddable":true,"href":"https:\/\/logos.bilkent.edu.tr\/index.php\/wp-json\/wp\/v2\/users\/1"}],"replies":[{"embeddable":true,"href":"https:\/\/logos.bilkent.edu.tr\/index.php\/wp-json\/wp\/v2\/comments?post=125"}],"version-history":[{"count":9,"href":"https:\/\/logos.bilkent.edu.tr\/index.php\/wp-json\/wp\/v2\/pages\/125\/revisions"}],"predecessor-version":[{"id":15333,"href":"https:\/\/logos.bilkent.edu.tr\/index.php\/wp-json\/wp\/v2\/pages\/125\/revisions\/15333"}],"wp:attachment":[{"href":"https:\/\/logos.bilkent.edu.tr\/index.php\/wp-json\/wp\/v2\/media?parent=125"}],"curies":[{"name":"wp","href":"https:\/\/api.w.org\/{rel}","templated":true}]}}